{"id":52,"date":"2013-07-16T20:12:06","date_gmt":"2013-07-16T20:12:06","guid":{"rendered":"http:\/\/themichaelgarcia.com\/sensica\/?page_id=52"},"modified":"2015-04-21T13:22:09","modified_gmt":"2015-04-21T13:22:09","slug":"full-width","status":"publish","type":"page","link":"https:\/\/www.crediber.pt\/?page_id=52","title":{"rendered":"Especialistas em seguros de cr\u00e9dito."},"content":{"rendered":"<p>A\u00a0Crediber \u2013 Sociedade de Media\u00e7\u00e3o de Seguros, Lda. foi constitu\u00edda em 2001. Os seus s\u00f3cios \u2013 Pedro Sousa Guedes e Sofia Portugal &#8211; est\u00e3o essencialmente vocacionados para o seguro de cr\u00e9ditos, ramo em que trabalham h\u00e1 25 e 18 anos, respetivamente.<\/p>\n<p>A vasta experi\u00eancia e know-how no setor permite-nos encontrar a solu\u00e7\u00e3o de seguro mais adequada \u00e0s suas necessidades, promovendo o seguro de cr\u00e9ditos como um instrumento de gest\u00e3o fundamental ao crescimento sustentado da sua empresa.<\/p>\n<p>Partindo do estudo inicial de uma amostra da sua carteira de clientes, recolhemos as v\u00e1rias solu\u00e7\u00f5es de seguro existentes no mercado (sem qualquer custo ou compromisso), adequamo-las \u00e0s caracter\u00edsticas espec\u00edficas do seu neg\u00f3cio, e avaliamos a rela\u00e7\u00e3o custo-benef\u00edcio de cada uma das solu\u00e7\u00f5es. Acompanhamos, ao longo de toda a vig\u00eancia, a gest\u00e3o di\u00e1ria do contrato, mediando a rela\u00e7\u00e3o Segurado\/Companhia de Seguros.<br \/>\nEntregue a gest\u00e3o deste seguro a profissionais. Estamos certos de que seremos uma mais-valia para a sua empresa. Somos o seu consultor de seguro de cr\u00e9ditos.<\/p>\n","protected":false},"excerpt":{"rendered":"<p>A\u00a0Crediber \u2013 Sociedade de Media\u00e7\u00e3o de Seguros, Lda. foi constitu\u00edda em 2001. Os seus s\u00f3cios \u2013 Pedro Sousa Guedes e Sofia Portugal &#8211; est\u00e3o essencialmente vocacionados para o seguro de cr\u00e9ditos, ramo em que trabalham h\u00e1 25 e 18 anos, respetivamente. A vasta experi\u00eancia e know-how no setor permite-nos encontrar a solu\u00e7\u00e3o de seguro mais [&hellip;]<\/p>\n","protected":false},"author":1,"featured_media":0,"parent":0,"menu_order":0,"comment_status":"open","ping_status":"open","template":"page-full-width.php","meta":{"footnotes":""},"_links":{"self":[{"href":"https:\/\/www.crediber.pt\/index.php?rest_route=\/wp\/v2\/pages\/52"}],"collection":[{"href":"https:\/\/www.crediber.pt\/index.php?rest_route=\/wp\/v2\/pages"}],"about":[{"href":"https:\/\/www.crediber.pt\/index.php?rest_route=\/wp\/v2\/types\/page"}],"author":[{"embeddable":true,"href":"https:\/\/www.crediber.pt\/index.php?rest_route=\/wp\/v2\/users\/1"}],"replies":[{"embeddable":true,"href":"https:\/\/www.crediber.pt\/index.php?rest_route=%2Fwp%2Fv2%2Fcomments&post=52"}],"version-history":[{"count":4,"href":"https:\/\/www.crediber.pt\/index.php?rest_route=\/wp\/v2\/pages\/52\/revisions"}],"predecessor-version":[{"id":112,"href":"https:\/\/www.crediber.pt\/index.php?rest_route=\/wp\/v2\/pages\/52\/revisions\/112"}],"wp:attachment":[{"href":"https:\/\/www.crediber.pt\/index.php?rest_route=%2Fwp%2Fv2%2Fmedia&parent=52"}],"curies":[{"name":"wp","href":"https:\/\/api.w.org\/{rel}","templated":true}]}}